{"id":1003,"date":"2023-08-09T10:17:46","date_gmt":"2023-08-09T10:17:46","guid":{"rendered":"https:\/\/cepawine.com\/?page_id=1003"},"modified":"2025-10-03T15:30:33","modified_gmt":"2025-10-03T15:30:33","slug":"origins","status":"publish","type":"page","link":"https:\/\/cepawine.com\/en\/origins\/","title":{"rendered":"Origins"},"content":{"rendered":"\n\n  <div class=\"banner has-hover has-parallax\" id=\"banner-954933562\">\n          <div class=\"banner-inner fill\">\n        <div class=\"banner-bg fill\" data-parallax=\"-3\" data-parallax-container=\".banner\" data-parallax-background>\n            <div class=\"bg fill bg-fill \"><\/div>\n                                    \n                    <\/div>\n\t\t\n        <div class=\"banner-layers container\">\n            <div class=\"fill banner-link\"><\/div>            \n\n   <div id=\"text-box-68486404\" class=\"text-box banner-layer x50 md-x50 lg-x50 y50 md-y50 lg-y50 res-text\">\n                                <div class=\"text-box-content text dark\">\n              \n              <div class=\"text-inner text-center\">\n                  \n\n\n              <\/div>\n           <\/div>\n                            \n<style>\n#text-box-68486404 {\n  width: 60%;\n}\n#text-box-68486404 .text-box-content {\n  font-size: 100%;\n}\n@media (min-width:550px) {\n  #text-box-68486404 {\n    width: 60%;\n  }\n}\n<\/style>\n    <\/div>\n \n\n        <\/div>\n      <\/div>\n\n            \n<style>\n#banner-954933562 {\n  padding-top: 540px;\n}\n#banner-954933562 .bg.bg-loaded {\n  background-image: url(https:\/\/cepawine.com\/wp-content\/uploads\/2023\/08\/img-origem.jpg);\n}\n#banner-954933562 .overlay {\n  background-color: rgba(0, 0, 0, 0.3);\n}\n#banner-954933562 .bg {\n  background-position: 35% 23%;\n}\n<\/style>\n  <\/div>\n\n\n\t<section class=\"section\" id=\"section_881354067\">\n\t\t<div class=\"bg section-bg fill bg-fill  bg-loaded\" >\n\n\t\t\t\n\t\t\t\n\t\t\t\n\n\t\t<\/div>\n\n\t\t\n\n\t\t<div class=\"section-content relative\">\n\t\t\t\n\n<div class=\"row align-center\"  id=\"row-1343177626\">\n\n\n\t<div id=\"col-1534122510\" class=\"col medium-3 small-12 large-3\"  >\n\t\t\t\t<div class=\"col-inner\"  >\n\t\t\t\n\t\t\t\n\n\t<div id=\"text-490174308\" class=\"text\">\n\t\t\n\n<p>Name<\/p>\n<h2><strong>CEPA<\/strong><\/h2>\n\t\t\n<style>\n#text-490174308 {\n  font-size: 1.2rem;\n}\n<\/style>\n\t<\/div>\n\t\n\n\t\t<\/div>\n\t\t\t\t\t<\/div>\n\n\t\n\n\t<div id=\"col-1671043119\" class=\"col medium-7 small-12 large-7\"  >\n\t\t\t\t<div class=\"col-inner\"  >\n\t\t\t\n\t\t\t\n\n\t<div id=\"text-316360161\" class=\"text\">\n\t\t\n\n<p>Origin<\/p>\n<h2>Vine stalk<\/h2>\n\t\t\n<style>\n#text-316360161 {\n  font-size: 1.2rem;\n}\n<\/style>\n\t<\/div>\n\t\n\n\t\t<\/div>\n\t\t\t\t\t<\/div>\n\n\t\n\n<\/div>\n\n\t\t<\/div>\n\n\t\t\n<style>\n#section_881354067 {\n  padding-top: 30px;\n  padding-bottom: 30px;\n}\n<\/style>\n\t<\/section>\n\t\n\t<section class=\"section\" id=\"section_638112719\">\n\t\t<div class=\"bg section-bg fill bg-fill  bg-loaded\" >\n\n\t\t\t\n\t\t\t\n\t\t\t\n\n\t\t<\/div>\n\n\t\t\n\n\t\t<div class=\"section-content relative\">\n\t\t\t\n\n<div class=\"row align-center\"  id=\"row-1696181265\">\n\n\n\t<div id=\"col-496806113\" class=\"col medium-10 small-12 large-10\"  >\n\t\t\t\t<div class=\"col-inner text-center\"  >\n\t\t\t\n\t\t\t\n\n\t<div id=\"text-1239334101\" class=\"text\">\n\t\t\n\n<p class=\"lead\"><strong>CEPA is a piece in which the nobility of the Douro woods and the historical importance of the Portuguese cork, combined with the wisdom of the hands of the local artisans, are combined with wine through the simplicity of the design.<\/strong><\/p>\n\t\t\n<style>\n#text-1239334101 {\n  text-align: left;\n  color: rgb(0,0,0);\n}\n#text-1239334101 > * {\n  color: rgb(0,0,0);\n}\n<\/style>\n\t<\/div>\n\t\n\t<div id=\"text-3453055216\" class=\"text\">\n\t\t\n\n<div class=\"divider\"><\/div>\n<p>Creating the identity of a wine involves crafting the poetic narrative that surrounds it. The concept of place, history, and origins, which form the essence of a wine&#8217;s identity, primarily constitutes the poetic essence developed around the region, the circumstances, and the people involved. Identity is a mental construct, and its authenticity stems from the capacity to connect with individuals, to be shared, respected, and acknowledged.<br>\nThis creation pays tribute to wine, leveraging its symbols and characteristics, thereby adding value to the ritual of transporting it, serving it, and placing the bottle elegantly on the table.\n<\/p>\n<p><strong>CEPA<\/strong> is crafted from a single piece of solid wood or cork, in which two intersecting cavities are cut out: one for the bottle, another for the stopper. The deliberate asymmetry of the cavities allows it to be transported, in a stable way, with the left hand, while the wine is served with the right. On the table, these voids are filled by the two elements that protect and preserve the wine &#8211; the cork and the bottle &#8211; now enriched by the textures and aromas that trace their roots back to the wine&#8217;s origin and preservation.<\/p>\n\t\t\n<style>\n#text-3453055216 {\n  text-align: left;\n  color: rgb(0,0,0);\n}\n#text-3453055216 > * {\n  color: rgb(0,0,0);\n}\n<\/style>\n\t<\/div>\n\t\n\n\t\t<\/div>\n\t\t\t\t\t<\/div>\n\n\t\n\n<\/div>\n\n\t\t<\/div>\n\n\t\t\n<style>\n#section_638112719 {\n  padding-top: 60px;\n  padding-bottom: 60px;\n  min-height: 300px;\n  background-color: rgb(255, 255, 255);\n}\n<\/style>\n\t<\/section>\n\t\n\t<section class=\"section\" id=\"section_1828607255\">\n\t\t<div class=\"bg section-bg fill bg-fill  bg-loaded\" >\n\n\t\t\t\n\t\t\t\n\t\t\t\n\t<div class=\"is-border\"\n\t\tstyle=\"border-color:rgb(235, 235, 235);border-width:1px 0px 0px 0px;\">\n\t<\/div>\n\n\t\t<\/div>\n\n\t\t\n\n\t\t<div class=\"section-content relative\">\n\t\t\t\n\n<div class=\"row align-center\"  id=\"row-917745046\">\n\n\n\t<div id=\"col-945951333\" class=\"col medium-5 small-12 large-5\"  >\n\t\t\t\t<div class=\"col-inner\"  >\n\t\t\t\n\t\t\t\n\n\t<div class=\"box has-hover   has-hover box-text-bottom\" >\n\n\t\t<div class=\"box-image\" >\n\t\t\t\t\t\t<div class=\"\" >\n\t\t\t\t<img loading=\"lazy\" decoding=\"async\" width=\"479\" height=\"399\" src=\"https:\/\/cepawine.com\/wp-content\/uploads\/2023\/08\/cepa-terra.jpg\" class=\"attachment- size-\" alt=\"uvas\" title=\"\">\t\t\t\t\t\t\t\t\t\t\t<\/div>\n\t\t\t\t\t<\/div>\n\n\t\t<div class=\"box-text text-center\" >\n\t\t\t<div class=\"box-text-inner\">\n\t\t\t\t\n\n\t<div id=\"text-2644266365\" class=\"text\">\n\t\t\n\n<h3>From soil to wine<\/h3>\n\t\t\n<style>\n#text-2644266365 {\n  font-size: 2rem;\n  text-align: left;\n  color: rgb(0,0,0);\n}\n#text-2644266365 > * {\n  color: rgb(0,0,0);\n}\n<\/style>\n\t<\/div>\n\t\n\t<div id=\"text-1892616250\" class=\"text\">\n\t\t\n\n<p>The word &#8220;cepa&#8221; is used, in portuguese, to refer to the part of the vine trunk that is buried in the ground and connected to the roots. It plays a fundamental role in the growth and support of the vine and is responsible for absorbing nutrients from the soil and transporting them to the upper parts of the plant. It also has a direct influence on the quality of the grapes and the wines made from them. <br>\nThe name &#8220;CEPA&#8221; establishes a link with the essence and importance of the vine, creating a direct connection between the meaning of its original name and the purpose of this piece, which ennobles the act of transporting, serving and placing wine on the table.<\/p>\n\t\t\n<style>\n#text-1892616250 {\n  font-size: 1rem;\n  text-align: left;\n  color: #603b3b;\n}\n#text-1892616250 > * {\n  color: #603b3b;\n}\n<\/style>\n\t<\/div>\n\t\n\n\t\t\t<\/div>\n\t\t<\/div>\n\t<\/div>\n\t\n\n\t\t<\/div>\n\t\t\t\t\t<\/div>\n\n\t\n\n\t<div id=\"col-1417721342\" class=\"col medium-5 small-12 large-5\"  >\n\t\t\t\t<div class=\"col-inner\"  >\n\t\t\t\n\t\t\t\n\n\t<div class=\"box has-hover   has-hover box-text-bottom\" >\n\n\t\t<div class=\"box-image\" >\n\t\t\t\t\t\t<div class=\"\" >\n\t\t\t\t<img loading=\"lazy\" decoding=\"async\" width=\"479\" height=\"399\" src=\"https:\/\/cepawine.com\/wp-content\/uploads\/2023\/08\/cepa-impacto-social.jpg\" class=\"attachment- size-\" alt=\"Douro\" title=\"\">\t\t\t\t\t\t\t\t\t\t\t<\/div>\n\t\t\t\t\t<\/div>\n\n\t\t<div class=\"box-text text-center\" >\n\t\t\t<div class=\"box-text-inner\">\n\t\t\t\t\n\n\t<div id=\"text-4194801818\" class=\"text\">\n\t\t\n\n<h3>Environmental and social impact<\/h3>\n\t\t\n<style>\n#text-4194801818 {\n  font-size: 2rem;\n  text-align: left;\n  color: rgb(0,0,0);\n}\n#text-4194801818 > * {\n  color: rgb(0,0,0);\n}\n<\/style>\n\t<\/div>\n\t\n\t<div id=\"text-1793354815\" class=\"text\">\n\t\t\n\n<p>CEPA is a product with a positive carbon footprint, as the reduction in emissions from the production of each piece is more than 50 times offset by the certified planting of trees.<br>\nThe materials used in its manufacture are 100% recyclable and highly durable.<br>\nA percentage of the sale of each CEPA is donated to the Plantar Uma \u00c1rvore association, the Pronatura project or the international association One Tree Planted, all of which develop and implement programmes to rehabilitate ecologically degraded areas by planting trees and restoring native forests and species.<br>\nTheir initiatives are aimed at enhancing the natural heritage, reducing environmental degradation, creating and restoring natural spaces, promoting biodiversity and restoring ecological functions through the restoration of native forests. They actively promote ecological sustainability, environmental awareness, participatory citizenship and social and environmental responsibility at all levels.\n<\/p>\n<p>CEPA has already planted: 25 trees<\/p>\n\t\t\n<style>\n#text-1793354815 {\n  font-size: 1rem;\n  text-align: left;\n  color: #603b3b;\n}\n#text-1793354815 > * {\n  color: #603b3b;\n}\n<\/style>\n\t<\/div>\n\t\n\n\t\t\t<\/div>\n\t\t<\/div>\n\t<\/div>\n\t\n\t<div id=\"stack-3038102900\" class=\"stack stack-row justify-center items-center\">\n\t\t\n\n\t<div class=\"img has-hover x md-x lg-x y md-y lg-y\" id=\"image_779760302\">\n\t\t\t\t\t\t\t\t<div class=\"img-inner dark\" >\n\t\t\t<img loading=\"lazy\" decoding=\"async\" width=\"324\" height=\"400\" src=\"https:\/\/cepawine.com\/wp-content\/uploads\/2023\/10\/P1A_Logo2018_P-B-324x400.png\" class=\"attachment-medium size-medium\" alt=\"Associa\u00e7\u00e3o Plantar uma \u00c1rvore\" srcset=\"https:\/\/cepawine.com\/wp-content\/uploads\/2023\/10\/P1A_Logo2018_P-B-324x400.png 324w, https:\/\/cepawine.com\/wp-content\/uploads\/2023\/10\/P1A_Logo2018_P-B-510x630.png 510w, https:\/\/cepawine.com\/wp-content\/uploads\/2023\/10\/P1A_Logo2018_P-B-647x800.png 647w, https:\/\/cepawine.com\/wp-content\/uploads\/2023\/10\/P1A_Logo2018_P-B-768x949.png 768w, https:\/\/cepawine.com\/wp-content\/uploads\/2023\/10\/P1A_Logo2018_P-B-1242x1536.png 1242w, https:\/\/cepawine.com\/wp-content\/uploads\/2023\/10\/P1A_Logo2018_P-B-1657x2048.png 1657w, https:\/\/cepawine.com\/wp-content\/uploads\/2023\/10\/P1A_Logo2018_P-B.png 1854w\" sizes=\"auto, (max-width: 324px) 100vw, 324px\" title=\"\">\t\t\t\t\t\t\n\t\t\t\t\t<\/div>\n\t\t\t\t\t\t\t\t\n<style>\n#image_779760302 {\n  width: 46%;\n}\n<\/style>\n\t<\/div>\n\t\n\n\t<div class=\"img has-hover x md-x lg-x y md-y lg-y\" id=\"image_1219408950\">\n\t\t\t\t\t\t\t\t<div class=\"img-inner dark\" >\n\t\t\t<img loading=\"lazy\" decoding=\"async\" width=\"200\" height=\"199\" src=\"https:\/\/cepawine.com\/wp-content\/uploads\/2023\/10\/one-tree-planted-logo.png\" class=\"attachment-medium size-medium\" alt=\"Associa\u00e7\u00e3o One Tree Planted\" srcset=\"https:\/\/cepawine.com\/wp-content\/uploads\/2023\/10\/one-tree-planted-logo.png 200w, https:\/\/cepawine.com\/wp-content\/uploads\/2023\/10\/one-tree-planted-logo-100x100.png 100w\" sizes=\"auto, (max-width: 200px) 100vw, 200px\" title=\"\">\t\t\t\t\t\t\n\t\t\t\t\t<\/div>\n\t\t\t\t\t\t\t\t\n<style>\n#image_1219408950 {\n  width: 55%;\n}\n<\/style>\n\t<\/div>\n\t\n\n\n\t\t\n<style>\n#stack-3038102900 > * {\n  --stack-gap: 3.5rem;\n}\n<\/style>\n\t<\/div>\n\t\n\n\t\t<\/div>\n\t\t\t\t\t<\/div>\n\n\t\n\n<\/div>\n\n\t\t<\/div>\n\n\t\t\n<style>\n#section_1828607255 {\n  padding-top: 60px;\n  padding-bottom: 60px;\n  min-height: 300px;\n  background-color: rgb(255, 255, 255);\n}\n<\/style>\n\t<\/section>\n\t\n\t<section class=\"section\" id=\"section_1562387545\">\n\t\t<div class=\"bg section-bg fill bg-fill  bg-loaded\" >\n\n\t\t\t\n\t\t\t\n\t\t\t\n\n\t\t<\/div>\n\n\t\t\n\n\t\t<div class=\"section-content relative\">\n\t\t\t\n\n<div class=\"row align-center\"  id=\"row-1938901900\">\n\n\n\t<div id=\"col-2081631650\" class=\"col medium-10 small-12 large-10\"  >\n\t\t\t\t<div class=\"col-inner text-center\"  >\n\t\t\t\n\t\t\t\n\n\t<div id=\"text-2920181880\" class=\"text\">\n\t\t\n\n<h2>Acknowledgements<\/h2>\n\t\t\n<style>\n#text-2920181880 {\n  font-size: 1.8rem;\n  text-align: left;\n  color: rgb(0, 0, 0);\n}\n#text-2920181880 > * {\n  color: rgb(0, 0, 0);\n}\n<\/style>\n\t<\/div>\n\t\n\t<div id=\"text-671422424\" class=\"text\">\n\t\t\n\n<p><strong>The authors would like to thank all those who have contributed to CEPA&#8217;s continuous development, namely:<\/strong><\/p>\n\t\t\n<style>\n#text-671422424 {\n  font-size: 1rem;\n  text-align: left;\n  color: #603b3b;\n}\n#text-671422424 > * {\n  color: #603b3b;\n}\n<\/style>\n\t<\/div>\n\t\n\n\t\t<\/div>\n\t\t\t\t\t<\/div>\n\n\t\n\n<\/div>\n<div class=\"row align-center\"  id=\"row-1340202229\">\n\n\n\t<div id=\"col-2017369649\" class=\"col medium-5 small-12 large-5\"  >\n\t\t\t\t<div class=\"col-inner text-center\"  >\n\t\t\t\n\t\t\t\n\n\t<div id=\"text-4160967652\" class=\"text\">\n\t\t\n\n<p>&#8211; Fernando Seara (director of the Douro Museum)<br>\n&#8211; Maia Pinto (former director of the Douro Museum)<br>\n&#8211; Bento Amaral (oenologist, IVDP)<br>\n&#8211; Paulo Os\u00f3rio (former vice-president of the IVDP)<br>\n&#8211; \u00c1lvaro Domingues (geographer, lecturer at FAUP)\n<\/p>\n\t\t\n<style>\n#text-4160967652 {\n  font-size: 1rem;\n  text-align: left;\n  color: #603b3b;\n}\n#text-4160967652 > * {\n  color: #603b3b;\n}\n<\/style>\n\t<\/div>\n\t\n\n\t\t<\/div>\n\t\t\t\t\t<\/div>\n\n\t\n\n\t<div id=\"col-604732485\" class=\"col medium-5 small-12 large-5\"  >\n\t\t\t\t<div class=\"col-inner text-center\"  >\n\t\t\t\n\t\t\t\n\n\t<div id=\"text-1890099000\" class=\"text\">\n\t\t\n\n<p>&#8211; Ivone Ribeiro (wine consultant)<br>\n&#8211; S\u00e9rgio Leit\u00e3o (marketer)<br>\n&#8211; Vasco Coelho Santos (Chef at Euskalduna)<br>\n&#8211; Jos\u00e9 Sim\u00f5es and Pedro Sim\u00f5es (SPSS)<br>\n&#8211; Jo\u00e3o Petiz (Everythink)\n<\/p>\n\t\t\n<style>\n#text-1890099000 {\n  font-size: 1rem;\n  text-align: left;\n  color: #603b3b;\n}\n#text-1890099000 > * {\n  color: #603b3b;\n}\n<\/style>\n\t<\/div>\n\t\n\n\t\t<\/div>\n\t\t\t\t\t<\/div>\n\n\t\n\n<\/div>\n\n\t\t<\/div>\n\n\t\t\n<style>\n#section_1562387545 {\n  padding-top: 60px;\n  padding-bottom: 60px;\n  min-height: 300px;\n  background-color: rgb(255, 255, 255);\n}\n<\/style>\n\t<\/section>\n\t\n\t<section class=\"section\" id=\"section_1625260293\">\n\t\t<div class=\"bg section-bg fill bg-fill  bg-loaded\" >\n\n\t\t\t\n\t\t\t\n\t\t\t\n\n\t\t<\/div>\n\n\t\t\n\n\t\t<div class=\"section-content relative\">\n\t\t\t\n\n<div class=\"row\"  id=\"row-2096493620\">\n\n\n\t<div id=\"col-950602075\" class=\"col medium-3 small-12 large-3\"  >\n\t\t\t\t<div class=\"col-inner\"  >\n\t\t\t\n\t\t\t\n\n\n  <div class=\"banner has-hover\" id=\"banner-1036947002\">\n          <div class=\"banner-inner fill\">\n        <div class=\"banner-bg fill\" >\n            <div class=\"bg fill bg-fill \"><\/div>\n                        <div class=\"overlay\"><\/div>            \n                    <\/div>\n\t\t\n        <div class=\"banner-layers container\">\n            <a class=\"fill\" href=\"\/en\/siza-vieira-edition\" ><div class=\"fill banner-link\"><\/div><\/a>            \n\n   <div id=\"text-box-1076872537\" class=\"text-box banner-layer pointer-none x50 md-x50 lg-x50 y50 md-y50 lg-y50 res-text\">\n                                <div class=\"text-box-content text dark\">\n              \n              <div class=\"text-inner text-center\">\n                  \n\n\t<div id=\"text-1185586740\" class=\"text\">\n\t\t\n\n<h3>Siza Vieira<span class=\"alt-font\" style=\"font-size:20px;\"><br \/>\r\nEdition<\/span><\/h3>\n\t\t\n<style>\n#text-1185586740 {\n  font-size: 1.2rem;\n}\n<\/style>\n\t<\/div>\n\t\n\n              <\/div>\n           <\/div>\n                            \n<style>\n#text-box-1076872537 {\n  width: 60%;\n}\n#text-box-1076872537 .text-box-content {\n  font-size: 100%;\n}\n<\/style>\n    <\/div>\n \n\n        <\/div>\n      <\/div>\n\n            \n<style>\n#banner-1036947002 {\n  padding-top: 220px;\n}\n#banner-1036947002 .bg.bg-loaded {\n  background-image: url(https:\/\/cepawine.com\/wp-content\/uploads\/2025\/10\/bg-edicao-siza-vieira_v4-scaled.jpg);\n}\n#banner-1036947002 .overlay {\n  background-color: rgba(0, 0, 0, 0.3);\n}\n<\/style>\n  <\/div>\n\n\n\n\n\t\t<\/div>\n\t\t\t\t\t<\/div>\n\n\t\n\n\t<div id=\"col-1671706178\" class=\"col medium-3 small-12 large-3\"  >\n\t\t\t\t<div class=\"col-inner\"  >\n\t\t\t\n\t\t\t\n\n\n  <div class=\"banner has-hover\" id=\"banner-1478143943\">\n          <div class=\"banner-inner fill\">\n        <div class=\"banner-bg fill\" >\n            <div class=\"bg fill bg-fill \"><\/div>\n                        <div class=\"overlay\"><\/div>            \n                    <\/div>\n\t\t\n        <div class=\"banner-layers container\">\n            <a class=\"fill\" href=\"\/en\/terroir-collection\" ><div class=\"fill banner-link\"><\/div><\/a>            \n\n   <div id=\"text-box-790492629\" class=\"text-box banner-layer pointer-none x50 md-x50 lg-x50 y50 md-y50 lg-y50 res-text\">\n                                <div class=\"text-box-content text dark\">\n              \n              <div class=\"text-inner text-center\">\n                  \n\n\t<div id=\"text-3593632669\" class=\"text\">\n\t\t\n\n<h3>Terroir <span class=\"alt-font\" style=\"font-size:20px;\">Collection<\/span><\/h3>\n\t\t\n<style>\n#text-3593632669 {\n  font-size: 1.2rem;\n}\n<\/style>\n\t<\/div>\n\t\n\n              <\/div>\n           <\/div>\n                            \n<style>\n#text-box-790492629 {\n  width: 60%;\n}\n#text-box-790492629 .text-box-content {\n  font-size: 100%;\n}\n<\/style>\n    <\/div>\n \n\n        <\/div>\n      <\/div>\n\n            \n<style>\n#banner-1478143943 {\n  padding-top: 220px;\n}\n#banner-1478143943 .bg.bg-loaded {\n  background-image: url(https:\/\/cepawine.com\/wp-content\/uploads\/2023\/08\/bg-terroir.jpg);\n}\n#banner-1478143943 .overlay {\n  background-color: rgba(0, 0, 0, 0.17);\n}\n<\/style>\n  <\/div>\n\n\n\n\n\t\t<\/div>\n\t\t\t\t\t<\/div>\n\n\t\n\n\t<div id=\"col-646596432\" class=\"col medium-3 small-12 large-3\"  >\n\t\t\t\t<div class=\"col-inner\"  >\n\t\t\t\n\t\t\t\n\n\n  <div class=\"banner has-hover\" id=\"banner-704426410\">\n          <div class=\"banner-inner fill\">\n        <div class=\"banner-bg fill\" >\n            <div class=\"bg fill bg-fill \"><\/div>\n                        <div class=\"overlay\"><\/div>            \n                    <\/div>\n\t\t\n        <div class=\"banner-layers container\">\n            <a class=\"fill\" href=\"\/en\/douro-collection\" ><div class=\"fill banner-link\"><\/div><\/a>            \n\n   <div id=\"text-box-1849615090\" class=\"text-box banner-layer pointer-none x50 md-x50 lg-x50 y50 md-y50 lg-y50 res-text\">\n                                <div class=\"text-box-content text dark\">\n              \n              <div class=\"text-inner text-center\">\n                  \n\n\t<div id=\"text-3045613253\" class=\"text\">\n\t\t\n\n<h3>Douro <span class=\"alt-font\" style=\"font-size: 20px;\">Collection<\/span><\/h3>\n\t\t\n<style>\n#text-3045613253 {\n  font-size: 1.2rem;\n}\n<\/style>\n\t<\/div>\n\t\n\n              <\/div>\n           <\/div>\n                            \n<style>\n#text-box-1849615090 {\n  width: 60%;\n}\n#text-box-1849615090 .text-box-content {\n  font-size: 100%;\n}\n<\/style>\n    <\/div>\n \n\n        <\/div>\n      <\/div>\n\n            \n<style>\n#banner-704426410 {\n  padding-top: 220px;\n}\n#banner-704426410 .bg.bg-loaded {\n  background-image: url(https:\/\/cepawine.com\/wp-content\/uploads\/2023\/08\/bg-douro.jpg);\n}\n#banner-704426410 .overlay {\n  background-color: rgba(0, 0, 0, 0.17);\n}\n<\/style>\n  <\/div>\n\n\n\n\n\t\t<\/div>\n\t\t\t\t\t<\/div>\n\n\t\n\n\t<div id=\"col-1859567355\" class=\"col medium-3 small-12 large-3\"  >\n\t\t\t\t<div class=\"col-inner\"  >\n\t\t\t\n\t\t\t\n\n\n  <div class=\"banner has-hover\" id=\"banner-1288669791\">\n          <div class=\"banner-inner fill\">\n        <div class=\"banner-bg fill\" >\n            <div class=\"bg fill bg-fill \"><\/div>\n                        <div class=\"overlay\"><\/div>            \n                    <\/div>\n\t\t\n        <div class=\"banner-layers container\">\n            <a class=\"fill\" href=\"\/en\/harvest-collection\" ><div class=\"fill banner-link\"><\/div><\/a>            \n\n   <div id=\"text-box-1555681999\" class=\"text-box banner-layer pointer-none x50 md-x50 lg-x50 y50 md-y50 lg-y50 res-text\">\n                                <div class=\"text-box-content text dark\">\n              \n              <div class=\"text-inner text-center\">\n                  \n\n\t<div id=\"text-4099453789\" class=\"text\">\n\t\t\n\n<h3>Harvest <span class=\"alt-font\" style=\"font-size:20px;\">Collection<\/span><\/h3>\n\t\t\n<style>\n#text-4099453789 {\n  font-size: 1.2rem;\n}\n<\/style>\n\t<\/div>\n\t\n\n              <\/div>\n           <\/div>\n                            \n<style>\n#text-box-1555681999 {\n  width: 60%;\n}\n#text-box-1555681999 .text-box-content {\n  font-size: 100%;\n}\n<\/style>\n    <\/div>\n \n\n        <\/div>\n      <\/div>\n\n            \n<style>\n#banner-1288669791 {\n  padding-top: 220px;\n}\n#banner-1288669791 .bg.bg-loaded {\n  background-image: url(https:\/\/cepawine.com\/wp-content\/uploads\/2023\/08\/bg-harvest.jpg);\n}\n#banner-1288669791 .overlay {\n  background-color: rgba(0, 0, 0, 0.17);\n}\n<\/style>\n  <\/div>\n\n\n\n\n\t\t<\/div>\n\t\t\t\t\t<\/div>\n\n\t\n\n<\/div>\n\n\t\t<\/div>\n\n\t\t\n<style>\n#section_1625260293 {\n  padding-top: 30px;\n  padding-bottom: 30px;\n}\n<\/style>\n\t<\/section>\n\t\n\n","protected":false},"excerpt":{"rendered":"","protected":false},"author":1,"featured_media":0,"parent":0,"menu_order":0,"comment_status":"closed","ping_status":"closed","template":"page-blank.php","meta":{"footnotes":""},"class_list":["post-1003","page","type-page","status-publish","hentry"],"_links":{"self":[{"href":"https:\/\/cepawine.com\/en\/wp-json\/wp\/v2\/pages\/1003","targetHints":{"allow":["GET"]}}],"collection":[{"href":"https:\/\/cepawine.com\/en\/wp-json\/wp\/v2\/pages"}],"about":[{"href":"https:\/\/cepawine.com\/en\/wp-json\/wp\/v2\/types\/page"}],"author":[{"embeddable":true,"href":"https:\/\/cepawine.com\/en\/wp-json\/wp\/v2\/users\/1"}],"replies":[{"embeddable":true,"href":"https:\/\/cepawine.com\/en\/wp-json\/wp\/v2\/comments?post=1003"}],"version-history":[{"count":2,"href":"https:\/\/cepawine.com\/en\/wp-json\/wp\/v2\/pages\/1003\/revisions"}],"predecessor-version":[{"id":3247,"href":"https:\/\/cepawine.com\/en\/wp-json\/wp\/v2\/pages\/1003\/revisions\/3247"}],"wp:attachment":[{"href":"https:\/\/cepawine.com\/en\/wp-json\/wp\/v2\/media?parent=1003"}],"curies":[{"name":"wp","href":"https:\/\/api.w.org\/{rel}","templated":true}]}}